{"id":55,"date":"2020-02-13T15:12:16","date_gmt":"2020-02-13T17:12:16","guid":{"rendered":"http:\/\/rmagalhaesfotografia.com.br\/?page_id=55"},"modified":"2020-03-12T14:25:24","modified_gmt":"2020-03-12T17:25:24","slug":"bio","status":"publish","type":"page","link":"https:\/\/rmagalhaesfotografia.com.br\/en\/bio\/","title":{"rendered":"Bio"},"content":{"rendered":"<div data-elementor-type=\"wp-page\" data-elementor-id=\"55\" class=\"elementor elementor-55\" data-elementor-settings=\"[]\">\n\t\t\t<div class=\"elementor-inner\">\n\t\t\t\t<div class=\"elementor-section-wrap\">\n\t\t\t\t\t\t\t<header class=\"elementor-element elementor-element-65e9ba6e elementor-section-content-middle elementor-section-full_width elementor-section-height-default elementor-section-height-default elementor-section elementor-top-section\" data-id=\"65e9ba6e\" data-element_type=\"section\" data-settings=\"{&quot;background_background&quot;:&quot;classic&quot;,&quot;sticky&quot;:&quot;top&quot;,&quot;sticky_on&quot;:[&quot;desktop&quot;,&quot;tablet&quot;,&quot;mobile&quot;],&quot;sticky_offset&quot;:0,&quot;sticky_effects_offset&quot;:0}\">\n\t\t\t\t\t\t<div class=\"elementor-container elementor-column-gap-no\">\n\t\t\t\t<div class=\"elementor-row\">\n\t\t\t\t<div class=\"elementor-element elementor-element-86324cd elementor-column elementor-col-25 elementor-top-column\" data-id=\"86324cd\" data-element_type=\"column\">\n\t\t\t<div class=\"elementor-column-wrap  elementor-element-populated\">\n\t\t\t\t\t<div class=\"elementor-widget-wrap\">\n\t\t\t\t<div class=\"elementor-element elementor-element-797c9f59 elementor-widget elementor-widget-theme-site-logo elementor-widget-image\" data-id=\"797c9f59\" data-element_type=\"widget\" data-widget_type=\"theme-site-logo.default\">\n\t\t\t\t<div class=\"elementor-widget-container\">\n\t\t\t\t\t<div class=\"elementor-image\">\n\t\t\t\t\t\t\t\t\t\t\t<a href=\"https:\/\/rmagalhaesfotografia.com.br\/en\/\">\n\t\t\t\t\t\t\t<img src=\"https:\/\/rmagalhaesfotografia.com.br\/wp-content\/uploads\/2025\/08\/cropped-cropped-lg_rm_foto_filme_versa\u0303o_simples-1.png\" title=\"cropped-cropped-lg_rm_foto_filme_versa\u0303o_simples-1.png\" alt=\"cropped-cropped-lg_rm_foto_filme_versa\u0303o_simples-1.png\" \/>\t\t\t\t\t\t\t\t<\/a>\n\t\t\t\t\t\t\t\t\t\t\t<\/div>\n\t\t\t\t<\/div>\n\t\t\t\t<\/div>\n\t\t\t\t\t\t<\/div>\n\t\t\t<\/div>\n\t\t<\/div>\n\t\t\t\t<div class=\"elementor-element elementor-element-449d07f0 elementor-column elementor-col-50 elementor-top-column\" data-id=\"449d07f0\" data-element_type=\"column\">\n\t\t\t<div class=\"elementor-column-wrap  elementor-element-populated\">\n\t\t\t\t\t<div class=\"elementor-widget-wrap\">\n\t\t\t\t<div class=\"elementor-element elementor-element-b0bccfd elementor-nav-menu__align-center elementor-nav-menu--indicator-chevron elementor-nav-menu--stretch elementor-nav-menu--dropdown-tablet elementor-nav-menu__text-align-aside elementor-nav-menu--toggle elementor-nav-menu--burger elementor-widget elementor-widget-global elementor-global-348 elementor-widget-nav-menu\" data-id=\"b0bccfd\" data-element_type=\"widget\" data-settings=\"{&quot;full_width&quot;:&quot;stretch&quot;,&quot;layout&quot;:&quot;horizontal&quot;,&quot;toggle&quot;:&quot;burger&quot;}\" data-widget_type=\"nav-menu.default\">\n\t\t\t\t<div class=\"elementor-widget-container\">\n\t\t\t\t\t\t<nav role=\"navigation\" class=\"elementor-nav-menu--main elementor-nav-menu__container elementor-nav-menu--layout-horizontal e--pointer-none\"><ul id=\"menu-1-b0bccfd\" class=\"elementor-nav-menu\"><li class=\"menu-item menu-item-type-post_type menu-item-object-page menu-item-home menu-item-49\"><a href=\"https:\/\/rmagalhaesfotografia.com.br\/en\/\" class=\"elementor-item\">Portfolio<\/a><\/li>\n<li class=\"menu-item menu-item-type-post_type menu-item-object-page menu-item-91\"><a href=\"https:\/\/rmagalhaesfotografia.com.br\/en\/bio\/\" class=\"elementor-item\">Bio<\/a><\/li>\n<li class=\"menu-item menu-item-type-post_type menu-item-object-page menu-item-90\"><a href=\"https:\/\/rmagalhaesfotografia.com.br\/en\/contato\/\" class=\"elementor-item\">Contact<\/a><\/li>\n<li class=\"trp-language-switcher-container menu-item menu-item-type-post_type menu-item-object-language_switcher menu-item-161\"><a href=\"https:\/\/rmagalhaesfotografia.com.br\/en\/wp-json\/wp\/v2\/pages\/55\" class=\"elementor-item\"><span data-no-translation><img loading=\"lazy\" class=\"trp-flag-image\" src=\"https:\/\/rmagalhaesfotografia.com.br\/wp-content\/plugins\/tp_custom_flags\/\/flags\/en_US.png\" width=\"18\" height=\"12\" alt=\"en_US\" title=\"English\"><\/span><\/a><\/li>\n<li class=\"trp-language-switcher-container menu-item menu-item-type-post_type menu-item-object-language_switcher menu-item-162\"><a href=\"https:\/\/rmagalhaesfotografia.com.br\/wp-json\/wp\/v2\/pages\/55\/\" class=\"elementor-item elementor-item-anchor\"><span data-no-translation><img loading=\"lazy\" class=\"trp-flag-image\" src=\"https:\/\/rmagalhaesfotografia.com.br\/wp-content\/plugins\/tp_custom_flags\/\/flags\/pt_BR.png\" width=\"18\" height=\"12\" alt=\"pt_BR\" title=\"Portuguese\"><\/span><\/a><\/li>\n<\/ul><\/nav>\n\t\t\t\t\t<div class=\"elementor-menu-toggle\" role=\"button\" tabindex=\"0\" aria-label=\"Menu Toggle\" aria-expanded=\"false\">\n\t\t\t<i class=\"eicon-menu-bar\" aria-hidden=\"true\"><\/i>\n\t\t\t<span class=\"elementor-screen-only\">Menu<\/span>\n\t\t<\/div>\n\t\t\t<nav class=\"elementor-nav-menu--dropdown elementor-nav-menu__container\" role=\"navigation\" aria-hidden=\"true\"><ul id=\"menu-2-b0bccfd\" class=\"elementor-nav-menu\"><li class=\"menu-item menu-item-type-post_type menu-item-object-page menu-item-home menu-item-49\"><a href=\"https:\/\/rmagalhaesfotografia.com.br\/en\/\" class=\"elementor-item\">Portfolio<\/a><\/li>\n<li class=\"menu-item menu-item-type-post_type menu-item-object-page menu-item-91\"><a href=\"https:\/\/rmagalhaesfotografia.com.br\/en\/bio\/\" class=\"elementor-item\">Bio<\/a><\/li>\n<li class=\"menu-item menu-item-type-post_type menu-item-object-page menu-item-90\"><a href=\"https:\/\/rmagalhaesfotografia.com.br\/en\/contato\/\" class=\"elementor-item\">Contact<\/a><\/li>\n<li class=\"trp-language-switcher-container menu-item menu-item-type-post_type menu-item-object-language_switcher menu-item-161\"><a href=\"https:\/\/rmagalhaesfotografia.com.br\/en\/wp-json\/wp\/v2\/pages\/55\" class=\"elementor-item\"><span data-no-translation><img loading=\"lazy\" class=\"trp-flag-image\" src=\"https:\/\/rmagalhaesfotografia.com.br\/wp-content\/plugins\/tp_custom_flags\/\/flags\/en_US.png\" width=\"18\" height=\"12\" alt=\"en_US\" title=\"English\"><\/span><\/a><\/li>\n<li class=\"trp-language-switcher-container menu-item menu-item-type-post_type menu-item-object-language_switcher menu-item-162\"><a href=\"https:\/\/rmagalhaesfotografia.com.br\/wp-json\/wp\/v2\/pages\/55\/\" class=\"elementor-item elementor-item-anchor\"><span data-no-translation><img loading=\"lazy\" class=\"trp-flag-image\" src=\"https:\/\/rmagalhaesfotografia.com.br\/wp-content\/plugins\/tp_custom_flags\/\/flags\/pt_BR.png\" width=\"18\" height=\"12\" alt=\"pt_BR\" title=\"Portuguese\"><\/span><\/a><\/li>\n<\/ul><\/nav>\n\t\t\t\t<\/div>\n\t\t\t\t<\/div>\n\t\t\t\t\t\t<\/div>\n\t\t\t<\/div>\n\t\t<\/div>\n\t\t\t\t<div class=\"elementor-element elementor-element-6688dab9 elementor-hidden-phone elementor-column elementor-col-25 elementor-top-column\" data-id=\"6688dab9\" data-element_type=\"column\">\n\t\t\t<div class=\"elementor-column-wrap  elementor-element-populated\">\n\t\t\t\t\t<div class=\"elementor-widget-wrap\">\n\t\t\t\t<div class=\"elementor-element elementor-element-6f4015fe elementor-shape-circle elementor-hidden-phone elementor-widget elementor-widget-social-icons\" data-id=\"6f4015fe\" data-element_type=\"widget\" data-widget_type=\"social-icons.default\">\n\t\t\t\t<div class=\"elementor-widget-container\">\n\t\t\t\t\t<div class=\"elementor-social-icons-wrapper\">\n\t\t\t\t\t\t\t<a class=\"elementor-icon elementor-social-icon elementor-social-icon-instagram elementor-repeater-item-48ef822\" href=\"https:\/\/www.instagram.com\/rafael_magalhaes78\/\" target=\"_blank\">\n\t\t\t\t\t<span class=\"elementor-screen-only\">Instagram<\/span>\n\t\t\t\t\t<i class=\"fab fa-instagram\"><\/i>\t\t\t\t<\/a>\n\t\t\t\t\t\t\t<a class=\"elementor-icon elementor-social-icon elementor-social-icon-vimeo elementor-repeater-item-d52a099\" href=\"https:\/\/vimeo.com\/user102020326\" target=\"_blank\">\n\t\t\t\t\t<span class=\"elementor-screen-only\">Vimeo<\/span>\n\t\t\t\t\t<i class=\"fab fa-vimeo\"><\/i>\t\t\t\t<\/a>\n\t\t\t\t\t\t\t<a class=\"elementor-icon elementor-social-icon elementor-social-icon-linkedin elementor-repeater-item-7aa3fd8\" href=\"https:\/\/www.linkedin.com\/in\/rafael-magalhes-63119818b\/\" target=\"_blank\">\n\t\t\t\t\t<span class=\"elementor-screen-only\">LinkedIn<\/span>\n\t\t\t\t\t<i class=\"fab fa-linkedin\"><\/i>\t\t\t\t<\/a>\n\t\t\t\t\t<\/div>\n\t\t\t\t<\/div>\n\t\t\t\t<\/div>\n\t\t\t\t\t\t<\/div>\n\t\t\t<\/div>\n\t\t<\/div>\n\t\t\t\t\t\t<\/div>\n\t\t\t<\/div>\n\t\t<\/header>\n\t\t\t\t<section class=\"elementor-element elementor-element-6e9425df elementor-section-full_width elementor-section-content-middle elementor-section-height-default elementor-section-height-default elementor-section elementor-top-section\" data-id=\"6e9425df\" data-element_type=\"section\" data-settings=\"{&quot;background_background&quot;:&quot;classic&quot;}\">\n\t\t\t\t\t\t<div class=\"elementor-container elementor-column-gap-no\">\n\t\t\t\t<div class=\"elementor-row\">\n\t\t\t\t<div class=\"elementor-element elementor-element-6d9b894a elementor-column elementor-col-50 elementor-top-column\" data-id=\"6d9b894a\" data-element_type=\"column\" data-settings=\"{&quot;background_background&quot;:&quot;classic&quot;}\">\n\t\t\t<div class=\"elementor-column-wrap  elementor-element-populated\">\n\t\t\t\t\t\t\t<div class=\"elementor-background-overlay\"><\/div>\n\t\t\t\t\t<div class=\"elementor-widget-wrap\">\n\t\t\t\t<div class=\"elementor-element elementor-element-6691aaf elementor-widget elementor-widget-image\" data-id=\"6691aaf\" data-element_type=\"widget\" data-widget_type=\"image.default\">\n\t\t\t\t<div class=\"elementor-widget-container\">\n\t\t\t\t\t<div class=\"elementor-image\">\n\t\t\t\t\t\t\t\t\t\t<img width=\"1080\" height=\"1246\" src=\"https:\/\/rmagalhaesfotografia.com.br\/wp-content\/uploads\/2020\/02\/rafa-magalhaes.jpg\" class=\"attachment-full size-full\" alt=\"Rafael Magalh\u00e3es\" loading=\"lazy\" srcset=\"https:\/\/rmagalhaesfotografia.com.br\/wp-content\/uploads\/2020\/02\/rafa-magalhaes.jpg 1080w, https:\/\/rmagalhaesfotografia.com.br\/wp-content\/uploads\/2020\/02\/rafa-magalhaes-260x300.jpg 260w, https:\/\/rmagalhaesfotografia.com.br\/wp-content\/uploads\/2020\/02\/rafa-magalhaes-888x1024.jpg 888w, https:\/\/rmagalhaesfotografia.com.br\/wp-content\/uploads\/2020\/02\/rafa-magalhaes-768x886.jpg 768w\" sizes=\"(max-width: 1080px) 100vw, 1080px\" \/>\t\t\t\t\t\t\t\t\t\t\t<\/div>\n\t\t\t\t<\/div>\n\t\t\t\t<\/div>\n\t\t\t\t\t\t<\/div>\n\t\t\t<\/div>\n\t\t<\/div>\n\t\t\t\t<div class=\"elementor-element elementor-element-226e7f86 elementor-column elementor-col-50 elementor-top-column\" data-id=\"226e7f86\" data-element_type=\"column\">\n\t\t\t<div class=\"elementor-column-wrap  elementor-element-populated\">\n\t\t\t\t\t<div class=\"elementor-widget-wrap\">\n\t\t\t\t<div class=\"elementor-element elementor-element-5a54575e elementor-widget elementor-widget-text-editor\" data-id=\"5a54575e\" data-element_type=\"widget\" data-widget_type=\"text-editor.default\">\n\t\t\t\t<div class=\"elementor-widget-container\">\n\t\t\t\t\t<div class=\"elementor-text-editor elementor-clearfix\"><p><strong>Rafael Magalh\u00e3es<\/strong> felt in love with photography still in the analog phase, when he recorded the daily life of Rio de Janeiro and revealed his own black and white photos.<\/p><p>Graduated in Advertising from PUC-RJ, he soon stood out and worked for major studios in Rio. That's when he specialized in advertisement photos. From then on, Rafael started to work independently, photographing for major brands, in partnership with the largest advertising agencies in the country.<\/p><p>Rafael is also a video expert. He was director of photography at B2W Digital for 5 years. His work draws attention for its cinematic quality and accuracy. At the famous Casacor architecture show, he coordinated and acted in the elaboration of several institutional videos.<\/p><p>Noteworthy for his drive for best results with the moto: \"it is Ok, but it still can be improved!\". Rafael is one of the best when it comes to speeding up and resolving unforeseen events.<\/p><p>In addition to shooting for major clients and agencies, he was nominated and awarded for his personal photos - those early career analogs - at the renowned International Color Awards.<\/p><\/div>\n\t\t\t\t<\/div>\n\t\t\t\t<\/div>\n\t\t\t\t\t\t<\/div>\n\t\t\t<\/div>\n\t\t<\/div>\n\t\t\t\t\t\t<\/div>\n\t\t\t<\/div>\n\t\t<\/section>\n\t\t\t\t<section class=\"elementor-element elementor-element-3390c7fc elementor-hidden-desktop elementor-hidden-tablet elementor-section-boxed elementor-section-height-default elementor-section-height-default elementor-section elementor-top-section\" data-id=\"3390c7fc\" data-element_type=\"section\">\n\t\t\t\t\t\t<div class=\"elementor-container elementor-column-gap-default\">\n\t\t\t\t<div class=\"elementor-row\">\n\t\t\t\t<div class=\"elementor-element elementor-element-177ee211 elementor-column elementor-col-100 elementor-top-column\" data-id=\"177ee211\" data-element_type=\"column\">\n\t\t\t<div class=\"elementor-column-wrap  elementor-element-populated\">\n\t\t\t\t\t<div class=\"elementor-widget-wrap\">\n\t\t\t\t<div class=\"elementor-element elementor-element-34ddc29 elementor-shape-circle elementor-hidden-desktop elementor-hidden-tablet elementor-widget elementor-widget-global elementor-global-389 elementor-widget-social-icons\" data-id=\"34ddc29\" data-element_type=\"widget\" data-widget_type=\"social-icons.default\">\n\t\t\t\t<div class=\"elementor-widget-container\">\n\t\t\t\t\t<div class=\"elementor-social-icons-wrapper\">\n\t\t\t\t\t\t\t<a class=\"elementor-icon elementor-social-icon elementor-social-icon-instagram elementor-repeater-item-48ef822\" href=\"https:\/\/www.instagram.com\/rafael_magalhaes78\/\" target=\"_blank\">\n\t\t\t\t\t<span class=\"elementor-screen-only\">Instagram<\/span>\n\t\t\t\t\t<i class=\"fab fa-instagram\"><\/i>\t\t\t\t<\/a>\n\t\t\t\t\t\t\t<a class=\"elementor-icon elementor-social-icon elementor-social-icon-vimeo elementor-repeater-item-d52a099\" href=\"https:\/\/vimeo.com\/user102020326\" target=\"_blank\">\n\t\t\t\t\t<span class=\"elementor-screen-only\">Vimeo<\/span>\n\t\t\t\t\t<i class=\"fab fa-vimeo\"><\/i>\t\t\t\t<\/a>\n\t\t\t\t\t\t\t<a class=\"elementor-icon elementor-social-icon elementor-social-icon-linkedin elementor-repeater-item-7aa3fd8\" href=\"https:\/\/www.linkedin.com\/in\/rafael-magalhes-63119818b\/\" target=\"_blank\">\n\t\t\t\t\t<span class=\"elementor-screen-only\">LinkedIn<\/span>\n\t\t\t\t\t<i class=\"fab fa-linkedin\"><\/i>\t\t\t\t<\/a>\n\t\t\t\t\t<\/div>\n\t\t\t\t<\/div>\n\t\t\t\t<\/div>\n\t\t\t\t\t\t<\/div>\n\t\t\t<\/div>\n\t\t<\/div>\n\t\t\t\t\t\t<\/div>\n\t\t\t<\/div>\n\t\t<\/section>\n\t\t\t\t\t\t<\/div>\n\t\t\t<\/div>\n\t\t<\/div>","protected":false},"excerpt":{"rendered":"<p>Instagram Vimeo Linkedin Rafael Magalh\u00e3es apaixonou-se por fotografia ainda na fase anal\u00f3gica, quando registrava o cotidiano carioca e tinha o privil\u00e9gio de poder revelar as suas pr\u00f3prias fotos P&amp;B. Formado em Publicidade e Propaganda pela PUC-RJ, logo se destacou e ganhou a oportunidade de atuar nos grandes est\u00fadios cariocas. Foi quando se especializou em foto [&hellip;]<\/p>","protected":false},"author":1,"featured_media":61,"parent":0,"menu_order":0,"comment_status":"closed","ping_status":"closed","template":"elementor_canvas","meta":[],"_links":{"self":[{"href":"https:\/\/rmagalhaesfotografia.com.br\/en\/wp-json\/wp\/v2\/pages\/55"}],"collection":[{"href":"https:\/\/rmagalhaesfotografia.com.br\/en\/wp-json\/wp\/v2\/pages"}],"about":[{"href":"https:\/\/rmagalhaesfotografia.com.br\/en\/wp-json\/wp\/v2\/types\/page"}],"author":[{"embeddable":true,"href":"https:\/\/rmagalhaesfotografia.com.br\/en\/wp-json\/wp\/v2\/users\/1"}],"replies":[{"embeddable":true,"href":"https:\/\/rmagalhaesfotografia.com.br\/en\/wp-json\/wp\/v2\/comments?post=55"}],"version-history":[{"count":24,"href":"https:\/\/rmagalhaesfotografia.com.br\/en\/wp-json\/wp\/v2\/pages\/55\/revisions"}],"predecessor-version":[{"id":459,"href":"https:\/\/rmagalhaesfotografia.com.br\/en\/wp-json\/wp\/v2\/pages\/55\/revisions\/459"}],"wp:featuredmedia":[{"embeddable":true,"href":"https:\/\/rmagalhaesfotografia.com.br\/en\/wp-json\/wp\/v2\/media\/61"}],"wp:attachment":[{"href":"https:\/\/rmagalhaesfotografia.com.br\/en\/wp-json\/wp\/v2\/media?parent=55"}],"curies":[{"name":"wp","href":"https:\/\/api.w.org\/{rel}","templated":true}]}}